{"id":55,"date":"2025-04-08T20:20:30","date_gmt":"2025-04-08T20:20:30","guid":{"rendered":"https:\/\/saqqaracapital.vc\/?page_id=55"},"modified":"2025-04-08T20:20:30","modified_gmt":"2025-04-08T20:20:30","slug":"contato","status":"publish","type":"page","link":"https:\/\/saqqaracapital.vc\/en\/contato\/","title":{"rendered":"Contact"},"content":{"rendered":"<div class=\"wp-block-columns is-layout-flex wp-container-core-columns-is-layout-28f84493 wp-block-columns-is-layout-flex\">\n<div class=\"wp-block-column is-layout-flow wp-block-column-is-layout-flow\">\n<p class=\"has-text-align-center\"><strong>Brasil<br><\/strong>Rafael Almeida<br>rafael@saqqaracapital.vc<br>+55 11 98501-7089<\/p>\n<\/div>\n\n\n\n<div class=\"wp-block-column is-layout-flow wp-block-column-is-layout-flow\">\n<p class=\"has-text-align-center\"><strong>Portugal<\/strong><br>Pedro Quelhas<br>pq@saqqaracapital.vc<br>+351 913 181 623<\/p>\n<\/div>\n<\/div>\n\n\n\n<div style=\"height:100px\" aria-hidden=\"true\" class=\"wp-block-spacer\"><\/div>\n\n\n\n<p class=\"has-text-align-center\">Ambition that transforms. <br>Exception that stands out.<br>Sophistication in every detail.<br>More than capital \u2014 <strong>relationships<\/strong><\/p>\n\n\n\n<p><\/p>","protected":false},"excerpt":{"rendered":"<p>BrasilRafael Almeidarafael@saqqaracapital.vc+55 11 98501-7089 PortugalPedro Quelhaspq@saqqaracapital.vc+351 913 181 623 Ambi\u00e7\u00e3o que transforma. Exce\u00e7\u00e3o que se destaca.Sofistica\u00e7\u00e3o em cada detalhe.Mais do que capital \u2014 rela\u00e7\u00f5es.<\/p>","protected":false},"author":2,"featured_media":0,"parent":0,"menu_order":0,"comment_status":"closed","ping_status":"closed","template":"","meta":{"footnotes":""},"class_list":["post-55","page","type-page","status-publish","hentry"],"blocksy_meta":[],"_links":{"self":[{"href":"https:\/\/saqqaracapital.vc\/en\/wp-json\/wp\/v2\/pages\/55","targetHints":{"allow":["GET"]}}],"collection":[{"href":"https:\/\/saqqaracapital.vc\/en\/wp-json\/wp\/v2\/pages"}],"about":[{"href":"https:\/\/saqqaracapital.vc\/en\/wp-json\/wp\/v2\/types\/page"}],"author":[{"embeddable":true,"href":"https:\/\/saqqaracapital.vc\/en\/wp-json\/wp\/v2\/users\/2"}],"replies":[{"embeddable":true,"href":"https:\/\/saqqaracapital.vc\/en\/wp-json\/wp\/v2\/comments?post=55"}],"version-history":[{"count":1,"href":"https:\/\/saqqaracapital.vc\/en\/wp-json\/wp\/v2\/pages\/55\/revisions"}],"predecessor-version":[{"id":57,"href":"https:\/\/saqqaracapital.vc\/en\/wp-json\/wp\/v2\/pages\/55\/revisions\/57"}],"wp:attachment":[{"href":"https:\/\/saqqaracapital.vc\/en\/wp-json\/wp\/v2\/media?parent=55"}],"curies":[{"name":"wp","href":"https:\/\/api.w.org\/{rel}","templated":true}]}}