{"id":16,"date":"2025-04-08T19:31:37","date_gmt":"2025-04-08T19:31:37","guid":{"rendered":"https:\/\/saqqaracapital.vc\/?page_id=16"},"modified":"2025-04-08T20:26:31","modified_gmt":"2025-04-08T20:26:31","slug":"home","status":"publish","type":"page","link":"https:\/\/saqqaracapital.vc\/en\/","title":{"rendered":"Home"},"content":{"rendered":"<div data-elementor-type=\"wp-page\" data-elementor-id=\"16\" class=\"elementor elementor-16\">\n\t\t\t\t<div class=\"elementor-element elementor-element-1f355d8 e-flex e-con-boxed e-con e-parent\" data-id=\"1f355d8\" data-element_type=\"container\" data-settings=\"{&quot;jet_parallax_layout_list&quot;:[]}\">\n\t\t\t\t\t<div class=\"e-con-inner\">\n\t\t<div class=\"elementor-element elementor-element-3459231 e-con-full e-flex e-con e-child\" data-id=\"3459231\" data-element_type=\"container\" data-settings=\"{&quot;jet_parallax_layout_list&quot;:[]}\">\n\t\t\t\t<div class=\"elementor-element elementor-element-232d97c elementor-widget elementor-widget-image\" data-id=\"232d97c\" data-element_type=\"widget\" data-widget_type=\"image.default\">\n\t\t\t\t<div class=\"elementor-widget-container\">\n\t\t\t\t\t\t\t\t\t\t\t\t\t\t\t<img fetchpriority=\"high\" decoding=\"async\" width=\"780\" height=\"888\" src=\"https:\/\/saqqaracapital.vc\/wp-content\/uploads\/2025\/04\/saqqara.png\" class=\"attachment-large size-large wp-image-21\" alt=\"\" srcset=\"https:\/\/saqqaracapital.vc\/wp-content\/uploads\/2025\/04\/saqqara.png 780w, https:\/\/saqqaracapital.vc\/wp-content\/uploads\/2025\/04\/saqqara-264x300.png 264w, https:\/\/saqqaracapital.vc\/wp-content\/uploads\/2025\/04\/saqqara-768x874.png 768w\" sizes=\"(max-width: 780px) 100vw, 780px\" \/>\t\t\t\t\t\t\t\t\t\t\t\t\t\t\t<\/div>\n\t\t\t\t<\/div>\n\t\t\t\t<\/div>\n\t\t<div class=\"elementor-element elementor-element-1460e47 e-con-full e-flex e-con e-child\" data-id=\"1460e47\" data-element_type=\"container\" data-settings=\"{&quot;jet_parallax_layout_list&quot;:[]}\">\n\t\t\t\t<div class=\"elementor-element elementor-element-6a11744 elementor-widget elementor-widget-heading\" data-id=\"6a11744\" data-element_type=\"widget\" data-widget_type=\"heading.default\">\n\t\t\t\t<div class=\"elementor-widget-container\">\n\t\t\t\t\t<h2 class=\"elementor-heading-title elementor-size-default translation-block\">At <b>SAQQARA Capital Partners<\/b>, we empower growth-stage companies by mobilizing strategic capital.<\/h2>\t\t\t\t<\/div>\n\t\t\t\t<\/div>\n\t\t\t\t<\/div>\n\t\t\t\t\t<\/div>\n\t\t\t\t<\/div>\n\t\t<div class=\"elementor-element elementor-element-facbf0d e-flex e-con-boxed e-con e-parent\" data-id=\"facbf0d\" data-element_type=\"container\" data-settings=\"{&quot;jet_parallax_layout_list&quot;:[]}\">\n\t\t\t\t\t<div class=\"e-con-inner\">\n\t\t\t\t<div class=\"elementor-element elementor-element-cfd8eab elementor-widget elementor-widget-spacer\" data-id=\"cfd8eab\" data-element_type=\"widget\" data-widget_type=\"spacer.default\">\n\t\t\t\t<div class=\"elementor-widget-container\">\n\t\t\t\t\t\t\t<div class=\"elementor-spacer\">\n\t\t\t<div class=\"elementor-spacer-inner\"><\/div>\n\t\t<\/div>\n\t\t\t\t\t\t<\/div>\n\t\t\t\t<\/div>\n\t\t\t\t<div class=\"elementor-element elementor-element-aef07ff elementor-widget elementor-widget-heading\" data-id=\"aef07ff\" data-element_type=\"widget\" data-widget_type=\"heading.default\">\n\t\t\t\t<div class=\"elementor-widget-container\">\n\t\t\t\t\t<h2 class=\"elementor-heading-title elementor-size-default\">What We Do<\/h2>\t\t\t\t<\/div>\n\t\t\t\t<\/div>\n\t\t\t\t<div class=\"elementor-element elementor-element-6788b13 elementor-widget elementor-widget-text-editor\" data-id=\"6788b13\" data-element_type=\"widget\" data-widget_type=\"text-editor.default\">\n\t\t\t\t<div class=\"elementor-widget-container\">\n\t\t\t\t\t\t\t\t\t<p class=\"translation-block\"><span style=\"font-family: inherit;font-size: inherit;font-style: inherit;font-weight: inherit\">We operate as an investment boutique and advisory firm specialized in fundraising, supporting founders in structuring funding rounds and<br><\/span><span style=\"font-family: inherit;font-size: inherit;font-style: inherit;font-weight: inherit\">connecting them with a qualified network of institutional, private investors, and family offices.<\/span><\/p><p>We combine independence, precision, and discretion to facilitate transactions with real impact and strategic alignment.<\/p>\t\t\t\t\t\t\t\t<\/div>\n\t\t\t\t<\/div>\n\t\t\t\t<div class=\"elementor-element elementor-element-a72a686 elementor-widget elementor-widget-spacer\" data-id=\"a72a686\" data-element_type=\"widget\" data-widget_type=\"spacer.default\">\n\t\t\t\t<div class=\"elementor-widget-container\">\n\t\t\t\t\t\t\t<div class=\"elementor-spacer\">\n\t\t\t<div class=\"elementor-spacer-inner\"><\/div>\n\t\t<\/div>\n\t\t\t\t\t\t<\/div>\n\t\t\t\t<\/div>\n\t\t\t\t\t<\/div>\n\t\t\t\t<\/div>\n\t\t\t\t<\/div>","protected":false},"excerpt":{"rendered":"<p>Na SAQQARA Capital Partners, potenciamos empresas em fase de crescimento atrav\u00e9s da mobiliza\u00e7\u00e3o de capital estrat\u00e9gico. O que fazemos Atuamos como boutique de investimento e consultora especializada em fundraising, apoiando fundadores na estrutura\u00e7\u00e3o de rondas ena liga\u00e7\u00e3o a uma rede qualificada de investidores institucionais, privados e family offices. Combinamos independ\u00eancia, rigor e discri\u00e7\u00e3o para facilitar [&hellip;]<\/p>","protected":false},"author":1,"featured_media":0,"parent":0,"menu_order":0,"comment_status":"closed","ping_status":"closed","template":"elementor_header_footer","meta":{"footnotes":""},"class_list":["post-16","page","type-page","status-publish","hentry"],"blocksy_meta":[],"_links":{"self":[{"href":"https:\/\/saqqaracapital.vc\/en\/wp-json\/wp\/v2\/pages\/16","targetHints":{"allow":["GET"]}}],"collection":[{"href":"https:\/\/saqqaracapital.vc\/en\/wp-json\/wp\/v2\/pages"}],"about":[{"href":"https:\/\/saqqaracapital.vc\/en\/wp-json\/wp\/v2\/types\/page"}],"author":[{"embeddable":true,"href":"https:\/\/saqqaracapital.vc\/en\/wp-json\/wp\/v2\/users\/1"}],"replies":[{"embeddable":true,"href":"https:\/\/saqqaracapital.vc\/en\/wp-json\/wp\/v2\/comments?post=16"}],"version-history":[{"count":16,"href":"https:\/\/saqqaracapital.vc\/en\/wp-json\/wp\/v2\/pages\/16\/revisions"}],"predecessor-version":[{"id":68,"href":"https:\/\/saqqaracapital.vc\/en\/wp-json\/wp\/v2\/pages\/16\/revisions\/68"}],"wp:attachment":[{"href":"https:\/\/saqqaracapital.vc\/en\/wp-json\/wp\/v2\/media?parent=16"}],"curies":[{"name":"wp","href":"https:\/\/api.w.org\/{rel}","templated":true}]}}